{"id":15,"date":"2025-05-22T04:23:59","date_gmt":"2025-05-22T04:23:59","guid":{"rendered":"https:\/\/sanit-bud.com\/?page_id=15"},"modified":"2026-03-30T10:47:02","modified_gmt":"2026-03-30T10:47:02","slug":"uslugi","status":"publish","type":"page","link":"https:\/\/sanit-bud.com\/?page_id=15","title":{"rendered":"Us\u0142ugi"},"content":{"rendered":"\t\t<div data-elementor-type=\"wp-page\" data-elementor-id=\"15\" class=\"elementor elementor-15\" data-elementor-post-type=\"page\">\n\t\t\t\t<div class=\"elementor-element elementor-element-21e17d8b e-con-full e-flex e-con e-parent\" data-id=\"21e17d8b\" data-element_type=\"container\" data-e-type=\"container\" data-settings=\"{&quot;background_background&quot;:&quot;classic&quot;}\">\n\t\t\t\t<div class=\"elementor-element elementor-element-7c08af7d elementor-widget elementor-widget-heading\" data-id=\"7c08af7d\" data-element_type=\"widget\" data-e-type=\"widget\" data-widget_type=\"heading.default\">\n\t\t\t\t<div class=\"elementor-widget-container\">\n\t\t\t\t\t<h2 class=\"elementor-heading-title elementor-size-default\">Us\u0142ugi<\/h2>\t\t\t\t<\/div>\n\t\t\t\t<\/div>\n\t\t\t\t<\/div>\n\t\t<div class=\"elementor-element elementor-element-b43ba15 e-flex e-con-boxed e-con e-parent\" data-id=\"b43ba15\" data-element_type=\"container\" data-e-type=\"container\">\n\t\t\t\t\t<div class=\"e-con-inner\">\n\t\t\t\t<div class=\"elementor-element elementor-element-462395ff elementor-widget elementor-widget-text-editor\" data-id=\"462395ff\" data-element_type=\"widget\" data-e-type=\"widget\" data-widget_type=\"text-editor.default\">\n\t\t\t\t<div class=\"elementor-widget-container\">\n\t\t\t\t\t\t\t\t\t<p data-start=\"92\" data-end=\"524\">Firma SANIT-BUD to lata do\u015bwiadcze\u0144 w bran\u017cy budowlanej i instalacyjnej. Specjalizujemy si\u0119 zar\u00f3wno w wielomilionowych inwestycjach infrastrukturalnych dla samorz\u0105d\u00f3w, jak i w zleceniach dla klient\u00f3w indywidualnych oraz firm. Gwarantujemy fachowe doradztwo, terminowo\u015b\u0107 i najwy\u017csz\u0105 jako\u015b\u0107 wykorzystywanych materia\u0142\u00f3w.<\/p>\t\t\t\t\t\t\t\t<\/div>\n\t\t\t\t<\/div>\n\t\t\t\t\t<\/div>\n\t\t\t\t<\/div>\n\t\t<div class=\"elementor-element elementor-element-18a6ce9b e-flex e-con-boxed e-con e-parent\" data-id=\"18a6ce9b\" data-element_type=\"container\" data-e-type=\"container\">\n\t\t\t\t\t<div class=\"e-con-inner\">\n\t\t\t\t<div class=\"elementor-element elementor-element-7a8d57e6 elementor-widget elementor-widget-heading\" data-id=\"7a8d57e6\" data-element_type=\"widget\" data-e-type=\"widget\" data-widget_type=\"heading.default\">\n\t\t\t\t<div class=\"elementor-widget-container\">\n\t\t\t\t\t<h2 class=\"elementor-heading-title elementor-size-default\">Budowa Sieci Wodoci\u0105gowych I Kanalizacyjnych\u200b<\/h2>\t\t\t\t<\/div>\n\t\t\t\t<\/div>\n\t\t\t\t\t<\/div>\n\t\t\t\t<\/div>\n\t\t<div class=\"elementor-element elementor-element-721b7f53 e-flex e-con-boxed e-con e-parent\" data-id=\"721b7f53\" data-element_type=\"container\" data-e-type=\"container\" data-settings=\"{&quot;background_background&quot;:&quot;classic&quot;}\">\n\t\t\t\t\t<div class=\"e-con-inner\">\n\t\t<div class=\"elementor-element elementor-element-670a9a94 e-con-full e-flex e-con e-child\" data-id=\"670a9a94\" data-element_type=\"container\" data-e-type=\"container\" data-settings=\"{&quot;background_background&quot;:&quot;classic&quot;}\">\n\t\t\t\t<div class=\"elementor-element elementor-element-551bbd89 elementor-widget elementor-widget-image\" data-id=\"551bbd89\" data-element_type=\"widget\" data-e-type=\"widget\" data-widget_type=\"image.default\">\n\t\t\t\t<div class=\"elementor-widget-container\">\n\t\t\t\t\t\t\t\t\t\t\t\t\t\t\t<img fetchpriority=\"high\" decoding=\"async\" width=\"800\" height=\"534\" src=\"https:\/\/sanit-bud.com\/wp-content\/uploads\/2026\/03\/didgeman-excavator-800996_1920-1024x683.jpg\" class=\"attachment-large size-large wp-image-249\" alt=\"\" srcset=\"https:\/\/sanit-bud.com\/wp-content\/uploads\/2026\/03\/didgeman-excavator-800996_1920-1024x683.jpg 1024w, https:\/\/sanit-bud.com\/wp-content\/uploads\/2026\/03\/didgeman-excavator-800996_1920-300x200.jpg 300w, https:\/\/sanit-bud.com\/wp-content\/uploads\/2026\/03\/didgeman-excavator-800996_1920-768x512.jpg 768w, https:\/\/sanit-bud.com\/wp-content\/uploads\/2026\/03\/didgeman-excavator-800996_1920-1536x1024.jpg 1536w, https:\/\/sanit-bud.com\/wp-content\/uploads\/2026\/03\/didgeman-excavator-800996_1920.jpg 1920w\" sizes=\"(max-width: 800px) 100vw, 800px\" \/>\t\t\t\t\t\t\t\t\t\t\t\t\t\t\t<\/div>\n\t\t\t\t<\/div>\n\t\t\t\t<\/div>\n\t\t<div class=\"elementor-element elementor-element-ab1e9b6 e-con-full e-flex e-con e-child\" data-id=\"ab1e9b6\" data-element_type=\"container\" data-e-type=\"container\" data-settings=\"{&quot;background_background&quot;:&quot;classic&quot;}\">\n\t\t\t\t<div class=\"elementor-element elementor-element-188153d5 elementor-widget elementor-widget-text-editor\" data-id=\"188153d5\" data-element_type=\"widget\" data-e-type=\"widget\" data-widget_type=\"text-editor.default\">\n\t\t\t\t<div class=\"elementor-widget-container\">\n\t\t\t\t\t\t\t\t\t<p data-path-to-node=\"9\">To jeden z g\u0142\u00f3wnych filar\u00f3w naszej dzia\u0142alno\u015bci. Posiadamy odpowiednie zaplecze techniczne oraz wykwalifikowan\u0105 kadr\u0119 do realizacji skomplikowanych inwestycji infrastrukturalnych.<\/p><ul data-path-to-node=\"10\"><li><p data-path-to-node=\"10,0,0\"><b data-path-to-node=\"10,0,0\" data-index-in-node=\"0\">Budowa i rozbudowa sieci wodoci\u0105gowych:<\/b> Doprowadzanie czystej wody do gospodarstw domowych i przedsi\u0119biorstw.<\/p><\/li><li><p data-path-to-node=\"10,1,0\"><b data-path-to-node=\"10,1,0\" data-index-in-node=\"0\">Sieci kanalizacji sanitarnej:<\/b> Kompleksowa budowa kolektor\u00f3w i przy\u0142\u0105czy.<\/p><\/li><li><p data-path-to-node=\"10,2,0\"><b data-path-to-node=\"10,2,0\" data-index-in-node=\"0\">Przepompownie \u015bciek\u00f3w:<\/b> Monta\u017c i uruchamianie nowoczesnych system\u00f3w przepompowywania \u015bciek\u00f3w (realizowali\u015bmy tego typu inwestycje m.in. na terenie gminy D\u0105browa Tarnowska).<\/p><\/li><\/ul>\t\t\t\t\t\t\t\t<\/div>\n\t\t\t\t<\/div>\n\t\t\t\t<\/div>\n\t\t\t\t\t<\/div>\n\t\t\t\t<\/div>\n\t\t<div class=\"elementor-element elementor-element-0c77389 e-flex e-con-boxed e-con e-parent\" data-id=\"0c77389\" data-element_type=\"container\" data-e-type=\"container\">\n\t\t\t\t\t<div class=\"e-con-inner\">\n\t\t\t\t<div class=\"elementor-element elementor-element-ea04df0 elementor-widget elementor-widget-heading\" data-id=\"ea04df0\" data-element_type=\"widget\" data-e-type=\"widget\" data-widget_type=\"heading.default\">\n\t\t\t\t<div class=\"elementor-widget-container\">\n\t\t\t\t\t<h2 class=\"elementor-heading-title elementor-size-default\">Wewn\u0119trzne instalacje sanitarne i grzewcze<\/h2>\t\t\t\t<\/div>\n\t\t\t\t<\/div>\n\t\t\t\t\t<\/div>\n\t\t\t\t<\/div>\n\t\t<div class=\"elementor-element elementor-element-2c78c5e e-flex e-con-boxed e-con e-parent\" data-id=\"2c78c5e\" data-element_type=\"container\" data-e-type=\"container\" data-settings=\"{&quot;background_background&quot;:&quot;classic&quot;}\">\n\t\t\t\t\t<div class=\"e-con-inner\">\n\t\t<div class=\"elementor-element elementor-element-12cf1d2 e-con-full e-flex e-con e-child\" data-id=\"12cf1d2\" data-element_type=\"container\" data-e-type=\"container\" data-settings=\"{&quot;background_background&quot;:&quot;classic&quot;}\">\n\t\t\t\t<div class=\"elementor-element elementor-element-f362042 elementor-widget elementor-widget-image\" data-id=\"f362042\" data-element_type=\"widget\" data-e-type=\"widget\" data-widget_type=\"image.default\">\n\t\t\t\t<div class=\"elementor-widget-container\">\n\t\t\t\t\t\t\t\t\t\t\t\t\t\t\t<img decoding=\"async\" width=\"800\" height=\"534\" src=\"https:\/\/sanit-bud.com\/wp-content\/uploads\/2026\/03\/pexels-pavel-danilyuk-7937299-1024x684.jpg\" class=\"attachment-large size-large wp-image-248\" alt=\"\" srcset=\"https:\/\/sanit-bud.com\/wp-content\/uploads\/2026\/03\/pexels-pavel-danilyuk-7937299-1024x684.jpg 1024w, https:\/\/sanit-bud.com\/wp-content\/uploads\/2026\/03\/pexels-pavel-danilyuk-7937299-300x200.jpg 300w, https:\/\/sanit-bud.com\/wp-content\/uploads\/2026\/03\/pexels-pavel-danilyuk-7937299-768x513.jpg 768w, https:\/\/sanit-bud.com\/wp-content\/uploads\/2026\/03\/pexels-pavel-danilyuk-7937299-1536x1025.jpg 1536w, https:\/\/sanit-bud.com\/wp-content\/uploads\/2026\/03\/pexels-pavel-danilyuk-7937299-2048x1367.jpg 2048w\" sizes=\"(max-width: 800px) 100vw, 800px\" \/>\t\t\t\t\t\t\t\t\t\t\t\t\t\t\t<\/div>\n\t\t\t\t<\/div>\n\t\t\t\t<\/div>\n\t\t<div class=\"elementor-element elementor-element-668e1d9 e-con-full e-flex e-con e-child\" data-id=\"668e1d9\" data-element_type=\"container\" data-e-type=\"container\" data-settings=\"{&quot;background_background&quot;:&quot;classic&quot;}\">\n\t\t\t\t<div class=\"elementor-element elementor-element-7900038 elementor-widget elementor-widget-text-editor\" data-id=\"7900038\" data-element_type=\"widget\" data-e-type=\"widget\" data-widget_type=\"text-editor.default\">\n\t\t\t\t<div class=\"elementor-widget-container\">\n\t\t\t\t\t\t\t\t\t<p data-path-to-node=\"11\">Zapewniamy komfort i bezpiecze\u0144stwo wewn\u0105trz budynk\u00f3w, wykonuj\u0105c niezawodne instalacje.<\/p><ul data-path-to-node=\"12\"><li><p data-path-to-node=\"12,0,0\"><b data-path-to-node=\"12,0,0\" data-index-in-node=\"0\">Instalacje wodno-kanalizacyjne:<\/b> Monta\u017c pion\u00f3w, poziom\u00f3w oraz punkt\u00f3w poboru wody w budynkach mieszkalnych i u\u017cyteczno\u015bci publicznej.<\/p><\/li><li><p data-path-to-node=\"12,1,0\"><b data-path-to-node=\"12,1,0\" data-index-in-node=\"0\">Systemy grzewcze i kot\u0142ownie:<\/b> Jeste\u015bmy m.in. dystrybutorem uznanej marki <b data-path-to-node=\"12,1,0\" data-index-in-node=\"73\">Immergas<\/b>. Doradzamy, montujemy i serwisujemy nowoczesne uk\u0142ady centralnego ogrzewania.<\/p><\/li><\/ul>\t\t\t\t\t\t\t\t<\/div>\n\t\t\t\t<\/div>\n\t\t\t\t<\/div>\n\t\t\t\t\t<\/div>\n\t\t\t\t<\/div>\n\t\t<div class=\"elementor-element elementor-element-0a70bb7 e-flex e-con-boxed e-con e-parent\" data-id=\"0a70bb7\" data-element_type=\"container\" data-e-type=\"container\">\n\t\t\t\t\t<div class=\"e-con-inner\">\n\t\t\t\t<div class=\"elementor-element elementor-element-87e0daf elementor-widget elementor-widget-heading\" data-id=\"87e0daf\" data-element_type=\"widget\" data-e-type=\"widget\" data-widget_type=\"heading.default\">\n\t\t\t\t<div class=\"elementor-widget-container\">\n\t\t\t\t\t<h2 class=\"elementor-heading-title elementor-size-default\">Sprzeda\u017c artyku\u0142\u00f3w sanitarnych i instalacyjnych<\/h2>\t\t\t\t<\/div>\n\t\t\t\t<\/div>\n\t\t\t\t\t<\/div>\n\t\t\t\t<\/div>\n\t\t<div class=\"elementor-element elementor-element-7e73771 e-flex e-con-boxed e-con e-parent\" data-id=\"7e73771\" data-element_type=\"container\" data-e-type=\"container\" data-settings=\"{&quot;background_background&quot;:&quot;classic&quot;}\">\n\t\t\t\t\t<div class=\"e-con-inner\">\n\t\t<div class=\"elementor-element elementor-element-d52c230 e-con-full e-flex e-con e-child\" data-id=\"d52c230\" data-element_type=\"container\" data-e-type=\"container\" data-settings=\"{&quot;background_background&quot;:&quot;classic&quot;}\">\n\t\t\t\t<div class=\"elementor-element elementor-element-6e9bdbf elementor-widget elementor-widget-image\" data-id=\"6e9bdbf\" data-element_type=\"widget\" data-e-type=\"widget\" data-widget_type=\"image.default\">\n\t\t\t\t<div class=\"elementor-widget-container\">\n\t\t\t\t\t\t\t\t\t\t\t\t\t\t\t<img decoding=\"async\" width=\"800\" height=\"560\" src=\"https:\/\/sanit-bud.com\/wp-content\/uploads\/2025\/05\/Zrzut-ekranu-2025-05-22-o-06.32.41-1024x717.png\" class=\"attachment-large size-large wp-image-69\" alt=\"\" srcset=\"https:\/\/sanit-bud.com\/wp-content\/uploads\/2025\/05\/Zrzut-ekranu-2025-05-22-o-06.32.41-1024x717.png 1024w, https:\/\/sanit-bud.com\/wp-content\/uploads\/2025\/05\/Zrzut-ekranu-2025-05-22-o-06.32.41-300x210.png 300w, https:\/\/sanit-bud.com\/wp-content\/uploads\/2025\/05\/Zrzut-ekranu-2025-05-22-o-06.32.41-768x538.png 768w, https:\/\/sanit-bud.com\/wp-content\/uploads\/2025\/05\/Zrzut-ekranu-2025-05-22-o-06.32.41-1536x1076.png 1536w, https:\/\/sanit-bud.com\/wp-content\/uploads\/2025\/05\/Zrzut-ekranu-2025-05-22-o-06.32.41.png 1862w\" sizes=\"(max-width: 800px) 100vw, 800px\" \/>\t\t\t\t\t\t\t\t\t\t\t\t\t\t\t<\/div>\n\t\t\t\t<\/div>\n\t\t\t\t<\/div>\n\t\t<div class=\"elementor-element elementor-element-1b048e8 e-con-full e-flex e-con e-child\" data-id=\"1b048e8\" data-element_type=\"container\" data-e-type=\"container\" data-settings=\"{&quot;background_background&quot;:&quot;classic&quot;}\">\n\t\t\t\t<div class=\"elementor-element elementor-element-c1e8090 elementor-widget elementor-widget-text-editor\" data-id=\"c1e8090\" data-element_type=\"widget\" data-e-type=\"widget\" data-widget_type=\"text-editor.default\">\n\t\t\t\t<div class=\"elementor-widget-container\">\n\t\t\t\t\t\t\t\t\t<p data-path-to-node=\"13\">Prowadzimy nie tylko us\u0142ugi, ale r\u00f3wnie\u017c sprzeda\u017c detaliczn\u0105 i hurtow\u0105. W naszej ofercie znajdziesz wszystko, co niezb\u0119dne do wykonania solidnych instalacji:<\/p><ul data-path-to-node=\"14\"><li><p data-path-to-node=\"14,0,0\">Urz\u0105dzenia i artyku\u0142y sanitarne (armatura, ceramika).<\/p><\/li><li><p data-path-to-node=\"14,1,0\">Materia\u0142y instalacyjne: rury, z\u0142\u0105czki, zawory.<\/p><\/li><li><p data-path-to-node=\"14,2,0\">Materia\u0142y budowlane i izolacyjne.<\/p><\/li><\/ul>\t\t\t\t\t\t\t\t<\/div>\n\t\t\t\t<\/div>\n\t\t\t\t<\/div>\n\t\t\t\t\t<\/div>\n\t\t\t\t<\/div>\n\t\t<div class=\"elementor-element elementor-element-d5cfd39 e-flex e-con-boxed e-con e-parent\" data-id=\"d5cfd39\" data-element_type=\"container\" data-e-type=\"container\">\n\t\t\t\t\t<div class=\"e-con-inner\">\n\t\t\t\t<div class=\"elementor-element elementor-element-a2fa9a8 elementor-widget elementor-widget-heading\" data-id=\"a2fa9a8\" data-element_type=\"widget\" data-e-type=\"widget\" data-widget_type=\"heading.default\">\n\t\t\t\t<div class=\"elementor-widget-container\">\n\t\t\t\t\t<h2 class=\"elementor-heading-title elementor-size-default\">Roboty instalacyjno-budowlane<\/h2>\t\t\t\t<\/div>\n\t\t\t\t<\/div>\n\t\t\t\t\t<\/div>\n\t\t\t\t<\/div>\n\t\t<div class=\"elementor-element elementor-element-74955df e-flex e-con-boxed e-con e-parent\" data-id=\"74955df\" data-element_type=\"container\" data-e-type=\"container\" data-settings=\"{&quot;background_background&quot;:&quot;classic&quot;}\">\n\t\t\t\t\t<div class=\"e-con-inner\">\n\t\t<div class=\"elementor-element elementor-element-52091fd e-con-full e-flex e-con e-child\" data-id=\"52091fd\" data-element_type=\"container\" data-e-type=\"container\" data-settings=\"{&quot;background_background&quot;:&quot;classic&quot;}\">\n\t\t\t\t<div class=\"elementor-element elementor-element-df82452 elementor-widget elementor-widget-image\" data-id=\"df82452\" data-element_type=\"widget\" data-e-type=\"widget\" data-widget_type=\"image.default\">\n\t\t\t\t<div class=\"elementor-widget-container\">\n\t\t\t\t\t\t\t\t\t\t\t\t\t\t\t<img loading=\"lazy\" decoding=\"async\" width=\"800\" height=\"482\" src=\"https:\/\/sanit-bud.com\/wp-content\/uploads\/2026\/03\/borevina-architect-3979490_1920-1024x617.jpg\" class=\"attachment-large size-large wp-image-253\" alt=\"\" srcset=\"https:\/\/sanit-bud.com\/wp-content\/uploads\/2026\/03\/borevina-architect-3979490_1920-1024x617.jpg 1024w, https:\/\/sanit-bud.com\/wp-content\/uploads\/2026\/03\/borevina-architect-3979490_1920-300x181.jpg 300w, https:\/\/sanit-bud.com\/wp-content\/uploads\/2026\/03\/borevina-architect-3979490_1920-768x462.jpg 768w, https:\/\/sanit-bud.com\/wp-content\/uploads\/2026\/03\/borevina-architect-3979490_1920-1536x925.jpg 1536w, https:\/\/sanit-bud.com\/wp-content\/uploads\/2026\/03\/borevina-architect-3979490_1920.jpg 1920w\" sizes=\"(max-width: 800px) 100vw, 800px\" \/>\t\t\t\t\t\t\t\t\t\t\t\t\t\t\t<\/div>\n\t\t\t\t<\/div>\n\t\t\t\t<\/div>\n\t\t<div class=\"elementor-element elementor-element-a1bcf81 e-con-full e-flex e-con e-child\" data-id=\"a1bcf81\" data-element_type=\"container\" data-e-type=\"container\" data-settings=\"{&quot;background_background&quot;:&quot;classic&quot;}\">\n\t\t\t\t<div class=\"elementor-element elementor-element-39e886f elementor-widget elementor-widget-text-editor\" data-id=\"39e886f\" data-element_type=\"widget\" data-e-type=\"widget\" data-widget_type=\"text-editor.default\">\n\t\t\t\t<div class=\"elementor-widget-container\">\n\t\t\t\t\t\t\t\t\t<p data-path-to-node=\"13\">Dzi\u0119ki szerokim uprawnieniom i do\u015bwiadczeniu, podejmujemy si\u0119 r\u00f3wnie\u017c innych prac towarzysz\u0105cych procesom budowlanym, oferuj\u0105c generalne wykonawstwo i nadz\u00f3r nad powierzonymi zadaniami.<\/p>\t\t\t\t\t\t\t\t<\/div>\n\t\t\t\t<\/div>\n\t\t\t\t<\/div>\n\t\t\t\t\t<\/div>\n\t\t\t\t<\/div>\n\t\t\t\t<\/div>\n\t\t","protected":false},"excerpt":{"rendered":"<p>Us\u0142ugi Firma SANIT-BUD to lata do\u015bwiadcze\u0144 w bran\u017cy budowlanej i instalacyjnej. Specjalizujemy si\u0119 zar\u00f3wno w wielomilionowych inwestycjach infrastrukturalnych dla samorz\u0105d\u00f3w, jak i w zleceniach dla klient\u00f3w indywidualnych oraz firm. Gwarantujemy fachowe doradztwo, terminowo\u015b\u0107 i najwy\u017csz\u0105 jako\u015b\u0107 wykorzystywanych materia\u0142\u00f3w. Budowa Sieci Wodoci\u0105gowych I Kanalizacyjnych\u200b To jeden z g\u0142\u00f3wnych filar\u00f3w naszej dzia\u0142alno\u015bci. Posiadamy odpowiednie zaplecze techniczne oraz [&hellip;]<\/p>\n","protected":false},"author":1,"featured_media":0,"parent":0,"menu_order":0,"comment_status":"closed","ping_status":"closed","template":"","meta":{"footnotes":""},"class_list":["post-15","page","type-page","status-publish","hentry"],"_links":{"self":[{"href":"https:\/\/sanit-bud.com\/index.php?rest_route=\/wp\/v2\/pages\/15","targetHints":{"allow":["GET"]}}],"collection":[{"href":"https:\/\/sanit-bud.com\/index.php?rest_route=\/wp\/v2\/pages"}],"about":[{"href":"https:\/\/sanit-bud.com\/index.php?rest_route=\/wp\/v2\/types\/page"}],"author":[{"embeddable":true,"href":"https:\/\/sanit-bud.com\/index.php?rest_route=\/wp\/v2\/users\/1"}],"replies":[{"embeddable":true,"href":"https:\/\/sanit-bud.com\/index.php?rest_route=%2Fwp%2Fv2%2Fcomments&post=15"}],"version-history":[{"count":20,"href":"https:\/\/sanit-bud.com\/index.php?rest_route=\/wp\/v2\/pages\/15\/revisions"}],"predecessor-version":[{"id":309,"href":"https:\/\/sanit-bud.com\/index.php?rest_route=\/wp\/v2\/pages\/15\/revisions\/309"}],"wp:attachment":[{"href":"https:\/\/sanit-bud.com\/index.php?rest_route=%2Fwp%2Fv2%2Fmedia&parent=15"}],"curies":[{"name":"wp","href":"https:\/\/api.w.org\/{rel}","templated":true}]}}